{"id":1013,"date":"2025-01-17T14:05:38","date_gmt":"2025-01-17T13:05:38","guid":{"rendered":"https:\/\/www.richardiere.com\/thanks\/"},"modified":"2025-01-17T14:33:03","modified_gmt":"2025-01-17T13:33:03","slug":"thanks","status":"publish","type":"page","link":"https:\/\/richardiere.fr\/en\/thanks\/","title":{"rendered":"Thanks"},"content":{"rendered":"\t\t<div data-elementor-type=\"wp-page\" data-elementor-id=\"1013\" class=\"elementor elementor-1013 elementor-979\" data-elementor-post-type=\"page\">\n\t\t\t\t<div class=\"elementor-element elementor-element-8c3e4f7 e-flex e-con-boxed e-con e-parent\" data-id=\"8c3e4f7\" data-element_type=\"container\" data-settings=\"{&quot;background_background&quot;:&quot;classic&quot;,&quot;jet_parallax_layout_list&quot;:[]}\">\n\t\t\t\t\t<div class=\"e-con-inner\">\n\t\t<div class=\"elementor-element elementor-element-0955932 e-con-full e-flex e-con e-child\" data-id=\"0955932\" data-element_type=\"container\" data-settings=\"{&quot;jet_parallax_layout_list&quot;:[]}\">\n\t\t\t\t<div class=\"elementor-element elementor-element-58346db elementor-widget elementor-widget-heading\" data-id=\"58346db\" data-element_type=\"widget\" data-widget_type=\"heading.default\">\n\t\t\t\t<div class=\"elementor-widget-container\">\n\t\t\t\t\t<h2 class=\"elementor-heading-title elementor-size-default\">Thanks<\/h2>\t\t\t\t<\/div>\n\t\t\t\t<\/div>\n\t\t\t\t<div class=\"elementor-element elementor-element-f28a854 elementor-widget elementor-widget-heading\" data-id=\"f28a854\" data-element_type=\"widget\" data-widget_type=\"heading.default\">\n\t\t\t\t<div class=\"elementor-widget-container\">\n\t\t\t\t\t<h2 class=\"elementor-heading-title elementor-size-default\">Your message has been sent successfully.<\/h2>\t\t\t\t<\/div>\n\t\t\t\t<\/div>\n\t\t\t\t<div class=\"elementor-element elementor-element-f070aab elementor-widget elementor-widget-heading\" data-id=\"f070aab\" data-element_type=\"widget\" data-widget_type=\"heading.default\">\n\t\t\t\t<div class=\"elementor-widget-container\">\n\t\t\t\t\t<h2 class=\"elementor-heading-title elementor-size-default\">We will respond to you as soon as possible.<\/h2>\t\t\t\t<\/div>\n\t\t\t\t<\/div>\n\t\t\t\t<div class=\"elementor-element elementor-element-b4d2136 elementor-align-center elementor-widget elementor-widget-button\" data-id=\"b4d2136\" data-element_type=\"widget\" data-widget_type=\"button.default\">\n\t\t\t\t<div class=\"elementor-widget-container\">\n\t\t\t\t\t\t\t\t\t<div class=\"elementor-button-wrapper\">\n\t\t\t\t\t<a class=\"elementor-button elementor-button-link elementor-size-sm\" href=\"https:\/\/richardiere.fr\/en\/\">\n\t\t\t\t\t\t<span class=\"elementor-button-content-wrapper\">\n\t\t\t\t\t\t\t\t\t<span class=\"elementor-button-text\">Back to homepage<\/span>\n\t\t\t\t\t<\/span>\n\t\t\t\t\t<\/a>\n\t\t\t\t<\/div>\n\t\t\t\t\t\t\t\t<\/div>\n\t\t\t\t<\/div>\n\t\t\t\t<\/div>\n\t\t\t\t\t<\/div>\n\t\t\t\t<\/div>\n\t\t\t\t<\/div>\n\t\t","protected":false},"excerpt":{"rendered":"<p>Thanks Your message has been sent successfully. We will respond to you as soon as possible. Back to homepage<\/p>\n","protected":false},"author":1,"featured_media":0,"parent":0,"menu_order":0,"comment_status":"closed","ping_status":"closed","template":"","meta":{"footnotes":""},"class_list":["post-1013","page","type-page","status-publish","hentry"],"yoast_head":"<!-- This site is optimized with the Yoast SEO plugin v24.1 - https:\/\/yoast.com\/wordpress\/plugins\/seo\/ -->\n<title>Thanks - Richardi\u00e8re<\/title>\n<meta name=\"robots\" content=\"index, follow, max-snippet:-1, max-image-preview:large, max-video-preview:-1\" \/>\n<link rel=\"canonical\" href=\"https:\/\/richardiere.fr\/merci\/\" \/>\n<meta property=\"og:locale\" content=\"en_US\" \/>\n<meta property=\"og:type\" content=\"article\" \/>\n<meta property=\"og:title\" content=\"Thanks - Richardi\u00e8re\" \/>\n<meta property=\"og:description\" content=\"Thanks Your message has been sent successfully. We will respond to you as soon as possible. Back to homepage\" \/>\n<meta property=\"og:url\" content=\"https:\/\/richardiere.fr\/merci\/\" \/>\n<meta property=\"og:site_name\" content=\"Richardi\u00e8re\" \/>\n<meta property=\"article:modified_time\" content=\"2025-01-17T13:33:03+00:00\" \/>\n<meta name=\"twitter:card\" content=\"summary_large_image\" \/>\n<script type=\"application\/ld+json\" class=\"yoast-schema-graph\">{\"@context\":\"https:\/\/schema.org\",\"@graph\":[{\"@type\":\"WebPage\",\"@id\":\"https:\/\/richardiere.fr\/merci\/\",\"url\":\"https:\/\/richardiere.fr\/merci\/\",\"name\":\"Thanks - Richardi\u00e8re\",\"isPartOf\":{\"@id\":\"https:\/\/richardiere.fr\/#website\"},\"datePublished\":\"2025-01-17T13:05:38+00:00\",\"dateModified\":\"2025-01-17T13:33:03+00:00\",\"breadcrumb\":{\"@id\":\"https:\/\/richardiere.fr\/merci\/#breadcrumb\"},\"inLanguage\":\"en-US\",\"potentialAction\":[{\"@type\":\"ReadAction\",\"target\":[\"https:\/\/richardiere.fr\/merci\/\"]}]},{\"@type\":\"BreadcrumbList\",\"@id\":\"https:\/\/richardiere.fr\/merci\/#breadcrumb\",\"itemListElement\":[{\"@type\":\"ListItem\",\"position\":1,\"name\":\"Accueil\",\"item\":\"https:\/\/richardiere.fr\/\"},{\"@type\":\"ListItem\",\"position\":2,\"name\":\"Thanks\"}]},{\"@type\":\"WebSite\",\"@id\":\"https:\/\/richardiere.fr\/#website\",\"url\":\"https:\/\/richardiere.fr\/\",\"name\":\"Richardi\u00e8re\",\"description\":\"Sp\u00e9cialiste de la g\u00e9rance, du property management et de la vente pour le compte de clients exigeants\",\"publisher\":{\"@id\":\"https:\/\/richardiere.fr\/#organization\"},\"potentialAction\":[{\"@type\":\"SearchAction\",\"target\":{\"@type\":\"EntryPoint\",\"urlTemplate\":\"https:\/\/richardiere.fr\/?s={search_term_string}\"},\"query-input\":{\"@type\":\"PropertyValueSpecification\",\"valueRequired\":true,\"valueName\":\"search_term_string\"}}],\"inLanguage\":\"en-US\"},{\"@type\":\"Organization\",\"@id\":\"https:\/\/richardiere.fr\/#organization\",\"name\":\"Richardi\u00e8re\",\"url\":\"https:\/\/richardiere.fr\/\",\"logo\":{\"@type\":\"ImageObject\",\"inLanguage\":\"en-US\",\"@id\":\"https:\/\/richardiere.fr\/#\/schema\/logo\/image\/\",\"url\":\"https:\/\/richardiere.fr\/wp-content\/uploads\/2024\/11\/logo-richardiere.png\",\"contentUrl\":\"https:\/\/richardiere.fr\/wp-content\/uploads\/2024\/11\/logo-richardiere.png\",\"width\":674,\"height\":281,\"caption\":\"Richardi\u00e8re\"},\"image\":{\"@id\":\"https:\/\/richardiere.fr\/#\/schema\/logo\/image\/\"}}]}<\/script>\n<!-- \/ Yoast SEO plugin. -->","yoast_head_json":{"title":"Thanks - Richardi\u00e8re","robots":{"index":"index","follow":"follow","max-snippet":"max-snippet:-1","max-image-preview":"max-image-preview:large","max-video-preview":"max-video-preview:-1"},"canonical":"https:\/\/richardiere.fr\/merci\/","og_locale":"en_US","og_type":"article","og_title":"Thanks - Richardi\u00e8re","og_description":"Thanks Your message has been sent successfully. We will respond to you as soon as possible. Back to homepage","og_url":"https:\/\/richardiere.fr\/merci\/","og_site_name":"Richardi\u00e8re","article_modified_time":"2025-01-17T13:33:03+00:00","twitter_card":"summary_large_image","schema":{"@context":"https:\/\/schema.org","@graph":[{"@type":"WebPage","@id":"https:\/\/richardiere.fr\/merci\/","url":"https:\/\/richardiere.fr\/merci\/","name":"Thanks - Richardi\u00e8re","isPartOf":{"@id":"https:\/\/richardiere.fr\/#website"},"datePublished":"2025-01-17T13:05:38+00:00","dateModified":"2025-01-17T13:33:03+00:00","breadcrumb":{"@id":"https:\/\/richardiere.fr\/merci\/#breadcrumb"},"inLanguage":"en-US","potentialAction":[{"@type":"ReadAction","target":["https:\/\/richardiere.fr\/merci\/"]}]},{"@type":"BreadcrumbList","@id":"https:\/\/richardiere.fr\/merci\/#breadcrumb","itemListElement":[{"@type":"ListItem","position":1,"name":"Accueil","item":"https:\/\/richardiere.fr\/"},{"@type":"ListItem","position":2,"name":"Thanks"}]},{"@type":"WebSite","@id":"https:\/\/richardiere.fr\/#website","url":"https:\/\/richardiere.fr\/","name":"Richardi\u00e8re","description":"Sp\u00e9cialiste de la g\u00e9rance, du property management et de la vente pour le compte de clients exigeants","publisher":{"@id":"https:\/\/richardiere.fr\/#organization"},"potentialAction":[{"@type":"SearchAction","target":{"@type":"EntryPoint","urlTemplate":"https:\/\/richardiere.fr\/?s={search_term_string}"},"query-input":{"@type":"PropertyValueSpecification","valueRequired":true,"valueName":"search_term_string"}}],"inLanguage":"en-US"},{"@type":"Organization","@id":"https:\/\/richardiere.fr\/#organization","name":"Richardi\u00e8re","url":"https:\/\/richardiere.fr\/","logo":{"@type":"ImageObject","inLanguage":"en-US","@id":"https:\/\/richardiere.fr\/#\/schema\/logo\/image\/","url":"https:\/\/richardiere.fr\/wp-content\/uploads\/2024\/11\/logo-richardiere.png","contentUrl":"https:\/\/richardiere.fr\/wp-content\/uploads\/2024\/11\/logo-richardiere.png","width":674,"height":281,"caption":"Richardi\u00e8re"},"image":{"@id":"https:\/\/richardiere.fr\/#\/schema\/logo\/image\/"}}]}},"_links":{"self":[{"href":"https:\/\/richardiere.fr\/en\/wp-json\/wp\/v2\/pages\/1013","targetHints":{"allow":["GET"]}}],"collection":[{"href":"https:\/\/richardiere.fr\/en\/wp-json\/wp\/v2\/pages"}],"about":[{"href":"https:\/\/richardiere.fr\/en\/wp-json\/wp\/v2\/types\/page"}],"author":[{"embeddable":true,"href":"https:\/\/richardiere.fr\/en\/wp-json\/wp\/v2\/users\/1"}],"replies":[{"embeddable":true,"href":"https:\/\/richardiere.fr\/en\/wp-json\/wp\/v2\/comments?post=1013"}],"version-history":[{"count":1,"href":"https:\/\/richardiere.fr\/en\/wp-json\/wp\/v2\/pages\/1013\/revisions"}],"predecessor-version":[{"id":1014,"href":"https:\/\/richardiere.fr\/en\/wp-json\/wp\/v2\/pages\/1013\/revisions\/1014"}],"wp:attachment":[{"href":"https:\/\/richardiere.fr\/en\/wp-json\/wp\/v2\/media?parent=1013"}],"curies":[{"name":"wp","href":"https:\/\/api.w.org\/{rel}","templated":true}]}}